{"id":3123,"date":"2024-02-20T15:25:51","date_gmt":"2024-02-20T15:25:51","guid":{"rendered":"https:\/\/cisnerosimmigrationlaw.com\/?page_id=3123"},"modified":"2024-02-20T21:42:39","modified_gmt":"2024-02-20T21:42:39","slug":"privacy-policy","status":"publish","type":"page","link":"https:\/\/cisnerosimmigrationlaw.com\/en\/privacy-policy\/","title":{"rendered":"Pol\u00edtica de Privacidad"},"content":{"rendered":"\n<p>\u00daltima actualizaci\u00f3n: [Fecha]<\/p>\n\n\n\n<p>Esta Pol\u00edtica de privacidad describe c\u00f3mo se recopila, utiliza y comparte su informaci\u00f3n personal cuando visita el sitio web cisnerosimmigrationlaw.com (el \u00abSitio web\u00bb).<\/p>\n\n\n\n<p>Informaci\u00f3n personal que recopilamos:<br>Cuando visita el Sitio web, podemos recopilar cierta informaci\u00f3n sobre su dispositivo, incluida su direcci\u00f3n IP, tipo de navegador y sitio web de referencia. Adem\u00e1s, mientras navega por el Sitio web, podemos recopilar informaci\u00f3n sobre las p\u00e1ginas web individuales o los productos que ve, qu\u00e9 sitios web o t\u00e9rminos de b\u00fasqueda lo remitieron al Sitio web, y la forma en que interact\u00faa con el Sitio web. Nos referimos a esta informaci\u00f3n recopilada autom\u00e1ticamente como \u00abInformaci\u00f3n del dispositivo\u00bb.<\/p>\n\n\n\n<p>Recopilamos la Informaci\u00f3n del dispositivo utilizando las siguientes tecnolog\u00edas:<\/p>\n\n\n\n<p>Cookies: Estos son peque\u00f1os archivos de datos almacenados en su dispositivo que ayudan a analizar el tr\u00e1fico web o recordar sus preferencias.<\/p>\n\n\n\n<p>Archivos de registro: Estos rastrean las acciones que ocurren en el Sitio web y recopilan datos, como su direcci\u00f3n IP, tipo de navegador, proveedor de servicios de Internet, p\u00e1ginas de referencia\/salida y marcas de fecha y hora.<\/p>\n\n\n\n<p>Web beacons, etiquetas y p\u00edxeles: Estos son archivos electr\u00f3nicos utilizados para registrar informaci\u00f3n sobre c\u00f3mo navega por el Sitio web.<\/p>\n\n\n\n<p>Adem\u00e1s, si elige proporcionar su informaci\u00f3n personal a trav\u00e9s del formulario de contacto del Sitio web o al contactarnos por correo electr\u00f3nico o tel\u00e9fono, podemos recopilar la siguiente informaci\u00f3n:<\/p>\n\n\n\n<p>Informaci\u00f3n de contacto: Su nombre, direcci\u00f3n de correo electr\u00f3nico, n\u00famero de tel\u00e9fono y cualquier otra informaci\u00f3n que proporcione en su mensaje.<\/p>\n\n\n\n<p>C\u00f3mo utilizamos su informaci\u00f3n personal:<br>Utilizamos la Informaci\u00f3n del dispositivo que recopilamos para analizar tendencias, administrar el Sitio web, rastrear los movimientos de los usuarios en el Sitio web y recopilar informaci\u00f3n demogr\u00e1fica. Esto nos ayuda a mejorar el Sitio web y personalizar su experiencia.<\/p>\n\n\n\n<p>Utilizamos la Informaci\u00f3n de contacto que usted proporciona para responder a sus consultas, proporcionar los servicios solicitados y comunicarnos con usted acerca de su caso o cualquier actualizaci\u00f3n relacionada con nuestros servicios.<\/p>\n\n\n\n<p>Compartir su informaci\u00f3n personal:<br>Podemos compartir su informaci\u00f3n personal con terceros si creemos que dicha divulgaci\u00f3n es necesaria para cumplir con las leyes, regulaciones, procesos legales o solicitudes gubernamentales aplicables, o para proteger nuestros derechos, privacidad, seguridad o propiedad, as\u00ed como los de nuestros usuarios o el p\u00fablico en general.<\/p>\n\n\n\n<p>Sus derechos:<br>Usted tiene derecho a acceder a la informaci\u00f3n personal que tenemos sobre usted y a solicitar que se corrija, actualice o elimine. Si desea ejercer este derecho, comun\u00edquese con nosotros utilizando la informaci\u00f3n proporcionada a continuaci\u00f3n.<\/p>\n\n\n\n<p>Conservaci\u00f3n de datos:<br>Conservaremos su informaci\u00f3n personal durante el tiempo necesario para cumplir con los fines descritos en esta Pol\u00edtica de privacidad, a menos que la ley requiera o permita un per\u00edodo de retenci\u00f3n m\u00e1s prolongado.<\/p>\n\n\n\n<p>Cont\u00e1ctenos:<br>Si tiene alguna pregunta o inquietud acerca de esta Pol\u00edtica de privacidad o nuestras pr\u00e1cticas de privacidad, comun\u00edquese con nosotros en:<\/p>\n\n\n\n<p>Cisneros Immigration Law<br>12565 Orange Dr #401, Davie, FL 33330, Estados Unidos<br>Tel\u00e9fono: +1 (954) 990 9054<br>Correo electr\u00f3nico: <a href=\"mailto:mario@cisnerosimmigrationlaw.com\" target=\"_blank\" rel=\"noreferrer noopener\">mario@cisnerosimmigrationlaw.com<\/a><\/p>\n","protected":false},"excerpt":{"rendered":"<p>\u00daltima actualizaci\u00f3n: [Fecha] Esta Pol\u00edtica de privacidad describe c\u00f3mo se recopila, utiliza y comparte su informaci\u00f3n personal cuando visita el sitio web cisnerosimmigrationlaw.com (el \u00abSitio web\u00bb). Informaci\u00f3n personal que recopilamos:Cuando visita el Sitio web, podemos recopilar cierta informaci\u00f3n sobre su dispositivo, incluida su direcci\u00f3n IP, tipo de navegador y sitio web de referencia. Adem\u00e1s, mientras [&hellip;]<\/p>\n","protected":false},"author":45,"featured_media":0,"parent":0,"menu_order":0,"comment_status":"closed","ping_status":"closed","template":"page_policies.php","meta":{"footnotes":""},"_links":{"self":[{"href":"https:\/\/cisnerosimmigrationlaw.com\/en\/wp-json\/wp\/v2\/pages\/3123"}],"collection":[{"href":"https:\/\/cisnerosimmigrationlaw.com\/en\/wp-json\/wp\/v2\/pages"}],"about":[{"href":"https:\/\/cisnerosimmigrationlaw.com\/en\/wp-json\/wp\/v2\/types\/page"}],"author":[{"embeddable":true,"href":"https:\/\/cisnerosimmigrationlaw.com\/en\/wp-json\/wp\/v2\/users\/45"}],"replies":[{"embeddable":true,"href":"https:\/\/cisnerosimmigrationlaw.com\/en\/wp-json\/wp\/v2\/comments?post=3123"}],"version-history":[{"count":7,"href":"https:\/\/cisnerosimmigrationlaw.com\/en\/wp-json\/wp\/v2\/pages\/3123\/revisions"}],"predecessor-version":[{"id":3198,"href":"https:\/\/cisnerosimmigrationlaw.com\/en\/wp-json\/wp\/v2\/pages\/3123\/revisions\/3198"}],"wp:attachment":[{"href":"https:\/\/cisnerosimmigrationlaw.com\/en\/wp-json\/wp\/v2\/media?parent=3123"}],"curies":[{"name":"wp","href":"https:\/\/api.w.org\/{rel}","templated":true}]}}